{"id":103,"date":"2014-07-06T16:46:56","date_gmt":"2014-07-06T14:46:56","guid":{"rendered":"http:\/\/etnoprojekt.pl\/2.0\/?page_id=103"},"modified":"2015-08-07T18:41:44","modified_gmt":"2015-08-07T16:41:44","slug":"etno-projekt-2-0-w-skrocie","status":"publish","type":"page","link":"https:\/\/etnoprojekt.pl\/2.0\/etno-projekt-2-0-w-skrocie\/","title":{"rendered":"Etno-projekt 2.0 w skr\u00f3cie"},"content":{"rendered":"<p>Zapraszamy grafik\u00f3w, etnolog\u00f3w oraz informatyk\u00f3w \u00a0do udzia\u0142u w tegorocznej edycji &#8222;Etno-projektu&#8221;! Poni\u017cej znajdziecie podstawowe informacje o projekcie.<\/p>\n<p>&nbsp;<\/p>\n<p><img loading=\"lazy\" decoding=\"async\" class=\"size-full wp-image-224 aligncenter\" src=\"http:\/\/etnoprojekt.pl\/2.0\/wp-content\/uploads\/2014\/07\/etno-projekt-2.0-plakat-e1406049007503.jpg\" alt=\"plakat1\" width=\"700\" height=\"972\" \/><\/p>\n<p>&nbsp;<\/p>\n<p><strong>Co?<\/strong><\/p>\n<p>Rozpoczynamy rekrutacj\u0119 do programu kontynuuj\u0105cego my\u015bl poprzednich edycji Etno-projektu w nowej ods\u0142onie. Zn\u00f3w udamy si\u0119 w podr\u00f3\u017c w poszukiwaniu inspiracji tradycyjn\u0105 kultur\u0105 wsi. Tym razem w interdyscyplinarnym gronie.\u00a0 Podczas dziesi\u0119ciodniowych warsztat\u00f3w odwiedzimy r\u00f3\u017cne regiony Polski. B\u0119dziemy zwiedza\u0107 muzea, skanseny i wsie,\u00a0 s\u0142ucha\u0107 opowie\u015bci i wyk\u0142ad\u00f3w, bra\u0107 udzia\u0142 w warsztatach, dyskutowa\u0107, dotyka\u0107 i pr\u00f3bowa\u0107 .\u00a0 W rezultacie \u2013 w zespo\u0142ach stworzonych z przedstawicieli r\u00f3\u017cnych dyscyplin \u2013 stworzymy interaktywne aplikacje tw\u00f3rczo przekszta\u0142caj\u0105ce do\u015bwiadczenia z podr\u00f3\u017cy. Tegoroczna edycja nosi tytu\u0142 &#8222;Etno-projekt 2.0. Inspiracje etniczne i nowe technologie&#8221;.<\/p>\n<p>Chcemy, \u017ceby udzia\u0142 w programie dawa\u0142 mo\u017cliwo\u015b\u0107 wymiany my\u015bli i \u0142\u0105czenia kompetencji ludzi z r\u00f3\u017cnych dziedzin. Wierzymy, \u017ce powstanie w ten spos\u00f3b kreatywna energia i ciekawe pomys\u0142y, kt\u00f3re b\u0119d\u0105 mog\u0142y by\u0107 kontynuowane na r\u00f3\u017cne sposoby, tak\u017ce po zako\u0144czeniu projektu. By\u0107 mo\u017ce kto\u015b zaproponuje nowe rozwi\u0105zania wybranemu muzeum, a kto\u015b wykorzysta do\u015bwiadczenie wyjazdu w komercyjnych przedsi\u0119wzi\u0119ciach? A mo\u017ce powstan\u0105 pomys\u0142y na kolejne wsp\u00f3lne dzia\u0142ania pod egid\u0105 Pracowni Etnograficznej?<\/p>\n<p><strong>Kto?<\/strong><\/p>\n<p>Zapraszamy m\u0142odych (po drugim roku studi\u00f3w, przed 35 rokiem \u017cycia) przedstawicieli trzech dyscyplin:<\/p>\n<p>&#8211; etnologia\/etnografia\/antropologia kulturowa<\/p>\n<p>&#8211;\u00a0 informatyka\/programowanie\/ techniki komputerowe<\/p>\n<p>&#8211; projektowanie graficzne<\/p>\n<p>Spo\u015br\u00f3d nades\u0142anych zg\u0142osze\u0144 wybierzemy 15 uczestnik\u00f3w \u2013 po 5 z ka\u017cdej dyscypliny.<\/p>\n<p>Szukamy os\u00f3b, kt\u00f3re s\u0105 otwarte i maj\u0105 du\u017co pomys\u0142\u00f3w. Takich, kt\u00f3re chc\u0105 pracowa\u0107 wsp\u00f3lnie nad stworzeniem \u015bwietnych projekt\u00f3w &#8211; \u00a0w interesuj\u0105cy spos\u00f3b wykorzystuj\u0105cych cyfrowe technologie, posiadaj\u0105cych intryguj\u0105c\u0105 grafik\u0119 oraz przemy\u015blanych merytorycznie.<\/p>\n<p>&nbsp;<\/p>\n<p><strong>Gdzie?<\/strong><\/p>\n<p>Rozpoczniemy w Warszawie, nast\u0119pnie udamy si\u0119 na Podlasie, odwiedzimy Lublin i okolice, zatrzymamy si\u0119 na chwil\u0119 w Zako<br \/>\npanem, a podr\u00f3\u017c zako\u0144czymy w Krakowie.<\/p>\n<p>&nbsp;<\/p>\n<p><strong>Kiedy ?<\/strong><\/p>\n<p>Warsztaty odb\u0119d\u0105 si\u0119 w dniach 1-10 wrze\u015bnia 2014.<\/p>\n<p>Fina\u0142 projektu \u2013 4 pa\u017adziernika 2014 w Warszawie.<\/p>\n<p>&nbsp;<\/p>\n<p><strong>Jak si\u0119 zg\u0142osi\u0107?<\/strong><\/p>\n<p>Do dnia 28 lipca nale\u017cy\u00a0wype\u0142ni\u0107 ankiet\u0119 znajduj\u0105c\u0105 si\u0119 na stronie <a href=\"http:\/\/etnoprojekt.pl\/2.0\/ankieta\/\">http:\/\/etnoprojekt.pl\/2.0\/ankieta\/<\/a> i w razie potrzeby dos\u0142a\u0107 portfolio na adres etnoprojekt2014@gmail.com.<\/p>\n<p>&nbsp;<\/p>\n<p><strong>Ile to kosztuje?<\/strong><\/p>\n<p>Udzia\u0142 w projekcie jest bezp\u0142atny! Organizatorzy zapewniaj\u0105 program, transport, noclegi oraz wy\u017cywienie. Uczestnicy musz\u0105 we w\u0142asnym zakresie dojecha\u0107 na pocz\u0105tek projektu do Warszawy oraz wr\u00f3ci\u0107 z Krakowa.<\/p>\n<p>&nbsp;<\/p>\n<p><strong>Gdzie mo\u017cna znale\u017a\u0107 wi\u0119cej informacji?<\/strong><\/p>\n<ul>\n<li>Je\u015bli chcecie dowiedzie\u0107 si\u0119 wi\u0119cej o za\u0142o\u017ceniach naszego programu zajrzyjcie na stron\u0119<a href=\"http:\/\/etnoprojekt.pl\/2.0\/o-projekcie\/\">\u00a0o projekcie<\/a>.<\/li>\n<li>Organizatorem projektu jest Stowarzyszenie Pracownia Etnograficzna: <a href=\"http:\/\/etnoprojekt.pl\/2.0\/stowarzyszenie\/\">tutaj <\/a>mo\u017cecie poczyta\u0107 o naszej organizacji, a<a href=\"http:\/\/http:\/\/etnoprojekt.pl\/2.0\/zespol-projektu\/\"> tutaj<\/a> &#8211; o zespole Etno-projektu.<\/li>\n<li>Informacje i dokumenty niezb\u0119dne do wys\u0142ania zg\u0142oszenia, znajdziecie na stronie <a href=\"http:\/\/etnoprojekt.pl\/2.0\/rekrutacja\/\">rekrutacja<\/a>.<\/li>\n<li>Je\u015bli macie jakie\u015b pytania, piszcie na adres <a href=\"mailto:etnoprojekt2014@gmail.com\">etnoprojekt2014@gmail.com<\/a>.<\/li>\n<\/ul>\n<p>&nbsp;<\/p>\n","protected":false},"excerpt":{"rendered":"<p>Informacje o Etno-projekcie 2.0 (z 2014 roku).<\/p>\n","protected":false},"author":1,"featured_media":104,"parent":0,"menu_order":0,"comment_status":"closed","ping_status":"open","template":"","meta":{"footnotes":""},"_links":{"self":[{"href":"https:\/\/etnoprojekt.pl\/2.0\/wp-json\/wp\/v2\/pages\/103"}],"collection":[{"href":"https:\/\/etnoprojekt.pl\/2.0\/wp-json\/wp\/v2\/pages"}],"about":[{"href":"https:\/\/etnoprojekt.pl\/2.0\/wp-json\/wp\/v2\/types\/page"}],"author":[{"embeddable":true,"href":"https:\/\/etnoprojekt.pl\/2.0\/wp-json\/wp\/v2\/users\/1"}],"replies":[{"embeddable":true,"href":"https:\/\/etnoprojekt.pl\/2.0\/wp-json\/wp\/v2\/comments?post=103"}],"version-history":[{"count":17,"href":"https:\/\/etnoprojekt.pl\/2.0\/wp-json\/wp\/v2\/pages\/103\/revisions"}],"predecessor-version":[{"id":581,"href":"https:\/\/etnoprojekt.pl\/2.0\/wp-json\/wp\/v2\/pages\/103\/revisions\/581"}],"wp:featuredmedia":[{"embeddable":true,"href":"https:\/\/etnoprojekt.pl\/2.0\/wp-json\/wp\/v2\/media\/104"}],"wp:attachment":[{"href":"https:\/\/etnoprojekt.pl\/2.0\/wp-json\/wp\/v2\/media?parent=103"}],"curies":[{"name":"wp","href":"https:\/\/api.w.org\/{rel}","templated":true}]}}