{"id":172,"date":"2014-07-10T13:15:12","date_gmt":"2014-07-10T11:15:12","guid":{"rendered":"http:\/\/etnoprojekt.pl\/2.0\/?page_id=172"},"modified":"2014-08-05T18:56:19","modified_gmt":"2014-08-05T16:56:19","slug":"regulamin","status":"publish","type":"page","link":"https:\/\/etnoprojekt.pl\/2.0\/regulamin\/","title":{"rendered":"Regulamin"},"content":{"rendered":"<p>Regulamin rekrutacji do udzia\u0142u w warsztatach w ramach projektu<\/p>\n<p><strong>\u201eETNO-PROJEKT 2.0. INSPIRACJE ETNICZNE I NOWE TECHNOLOGIE\u201d<\/strong><\/p>\n<p><strong>I. POSTANOWIENIA OG\u00d3LNE<\/strong><\/p>\n<p>1. Organizatorem projektu jest Stowarzyszenie \u201ePracownia Etnograficzna\u201d im. Witolda Dynowskiego w Warszawie (http:\/\/etnograficzna.pl), zwane dalej Organizatorem.<\/p>\n<p>2. Projekt nosi nazw\u0119: \u201eEtno-projekt 2.0. Inspiracje etniczne i nowe technologie\u201d, zwany dalej Projektem.<\/p>\n<p>3. G\u0142\u00f3wn\u0105 cz\u0119\u015bci\u0105 Projektu b\u0119d\u0105 warsztaty \u201eEtno-projekt tour 2014\u201d, zwane dalej Warsztatami.<\/p>\n<p>4. Warsztaty b\u0119d\u0105 odbywa\u0107 si\u0119 w Warszawie, na Podlasiu, w Lublinie, Zakopanem oraz Krakowie w terminie od 1 \u2013 10 wrze\u015bnia 2014 r.<\/p>\n<p>5. Udzia\u0142 w Warsztatach jest bezp\u0142atny.<\/p>\n<p>6. Organizator zapewnia program, noclegi, wy\u017cywienie, koszty dojazdu i bilety wst\u0119pu.<\/p>\n<p>7. Projekt realizowany jest dzi\u0119ki dofinansowaniu ze \u015brodk\u00f3w Ministra Kultury i Dziedzictwa Narodowego w ramach programu \u201eKolberg 2014 \u2013 Promesa\u201d, realizowanego przez Instytut Muzyki i Ta\u0144ca\u201d<\/p>\n<p><strong>II. PRZEDMIOT I CELE WARSZTAT\u00d3W<\/strong><\/p>\n<p>1. Przedmiotem Warsztat\u00f3w b\u0119d\u0105 zaj\u0119cia dla uczestnik\u00f3w prowadzone przez specjalist\u00f3w z dziedzin: etnografia, tradycyjne rzemios\u0142o ludowe, wzornictwo i in. Warsztaty b\u0119d\u0105 wzbogacone o wizyty w instytucjach kultury: muzeach etnograficznych, muzeach na wolnym powietrzu (skansenach) oraz izbach regionalnych. Szczeg\u00f3\u0142owy program Warsztat\u00f3w zostanie og\u0142oszony na stronie www.etnoprojekt.pl w terminie do 10 sierpnia 2014.<\/p>\n<p>2. Celem warsztat\u00f3w jest zapoznanie uczestnik\u00f3w z polsk\u0105 kultur\u0105 ludow\u0105 oraz jej wsp\u00f3\u0142czesnym funkcjonowaniem, a tak\u017ce wypracowywania atrakcyjnych sposob\u00f3w opowiadania o niej. Wymiernym celem b\u0119dzie przygotowanie przez uczestnik\u00f3w\u00a0 autorskich projekt\u00f3w \u00a0interaktywnych aplikacji (komputerowych, webowych, mobilnych), zwi\u0105zanych z tematem przewodnim projektu. Rezultaty projektu b\u0119d\u0105 promowane podczas uroczystego fina\u0142u 4 pa\u017adziernika 2014 w Warszawie oraz innymi kana\u0142ami.<\/p>\n<p><strong>III. UCZESTNICY WARSZTAT\u00d3W\u00a0<\/strong><\/p>\n<p>Uczestnikami mog\u0105 zosta\u0107 osoby fizyczne, studenci i absolwenci\u00a0 reprezentuj\u0105cy 3 dyscypliny:<\/p>\n<p>&#8211; projektowanie graficzne<\/p>\n<p>&#8211; etnografia\/etnologia\/antropologia kulturowa<\/p>\n<p>&#8211; informatyka\/techniki komputerowe<\/p>\n<p>Uczestnicy musz\u0105 spe\u0142nia\u0107 warunek uko\u0144czenia co najmniej II roku studi\u00f3w i mie\u0107 poni\u017cej 35 lat.<\/p>\n<p>Uczestnicy zobowi\u0105zani s\u0105 tak\u017ce do:<\/p>\n<p>&#8211; posiadania w\u0142asnego laptopa, na kt\u00f3rym b\u0119d\u0105 opracowywa\u0107 swoje projekty podczas Warsztat\u00f3w,<\/p>\n<p>&#8211; korzystania z program\u00f3w do projektowania, umo\u017cliwiaj\u0105cych przygotowanie projekt\u00f3w (graficy), posiadanie oprogramowania oraz innego sprz\u0119tu niezb\u0119dnego do stworzenia planowanego typu aplikacji (informatycy)<\/p>\n<p>&#8211; gotowo\u015bci wyjazdu w terminie od 1\u00a0 do 10 wrze\u015bnia 2014 r., oraz po\u015bwi\u0119cenia w ci\u0105gu dw\u00f3ch kolejnych dw\u00f3ch tygodni na ewentualne doko\u0144czenie\/uzupe\u0142nienie projektu<\/p>\n<p><strong>IV. \u00a0WARUNKI UDZIA\u0141U W\u00a0 POST\u0118POWANIU REKRUTACYJNYM<\/strong><\/p>\n<p>1. Warunkiem udzia\u0142u w rekrutacji do Warsztat\u00f3w jest wype\u0142nienie w terminie do 28 lipca ankiety rekrutacyjnej, kt\u00f3ra znajduje si\u0119 na stronie <a href=\"http:\/\/www.etnoprojekt.pl\/\">www.etnoprojekt.pl<\/a>. Do ankiety nale\u017cy za\u0142\u0105czy\u0107:<\/p>\n<p>a) graficy: portfolio uczestnika w formacie pdf (zawieraj\u0105cego co najmniej 5 r\u00f3\u017cnorodnych projekt\u00f3w) \u00a0lub linku do strony www,<\/p>\n<p>b) informatycy: portfolio uczestnika w postaci link\u00f3w lub opis\u00f3w min. dw\u00f3ch realizacji (portfolio ,<\/p>\n<p>c) etnolodzy:\u00a0 kr\u00f3tka notka na bloga 600-1800 znak\u00f3w o wybranym zjawisku zwi\u0105zanym ze wsp\u00f3\u0142czesnym funkcjonowaniem kultury ludowej<\/p>\n<p>Portfolio w postaci innej ni\u017c linki nale\u017cy wys\u0142a\u0107 na adres etnoprojekt2014@gmail.com.<\/p>\n<p>2. Uczestnicy musz\u0105 spe\u0142nia\u0107 warunki wymienione w artykule III Regulaminu pt. \u201eUczestnicy Konkursu\u201d.<\/p>\n<p>3. Nades\u0142anie zg\u0142oszenia r\u00f3wnoznaczne jest z akceptacj\u0105 Regulaminu.<\/p>\n<p>4. Organizator zastrzega sobie prawo do zmiany terminu wynik\u00f3w rekrutacji.<\/p>\n<p><strong>V. \u00a0WARUNKI UDZIA\u0141U W\u00a0 WARSZTATACH<\/strong><\/p>\n<p>1. Warunkiem udzia\u0142u jest pomy\u015blne przej\u015bcie etapu rekrutacji, odes\u0142anie wszystkich dokument\u00f3w rekrutacyjnych w wyznaczonym terminie oraz spe\u0142nianie wymaga\u0144 wobec uczestnik\u00f3w, wymienionych w Regulaminie.<\/p>\n<p>2. Do udzia\u0142u w Warsztatach zostanie zaproszonych 5 etnolog\u00f3w, 5 informatyk\u00f3w i 5 grafik\u00f3w, o czym uczestnicy zostan\u0105 poinformowani drog\u0105 mailow\u0105 w przeci\u0105gu 10 dni od zako\u0144czenia terminu rekrutacji.<\/p>\n<p>3. Zakwalifikowany uczestnik wraz z zaproszeniem do udzia\u0142u w Warsztatach, otrzyma DEKLARACJ\u0118 UCZESTNICTWA, kt\u00f3r\u0105 nale\u017cy podpisa\u0107 i odes\u0142a\u0107 zeskanowan\u0105 w przeci\u0105gu 3 dni na adres (etnoprojekt2014@gmail.com).<\/p>\n<p>4. W przypadku rezygnacji b\u0105d\u017a nie odes\u0142ania podpisanej Deklaracji w wyznaczonym terminie, do udzia\u0142u w warsztatach zostan\u0105 zaproszone osoby z listy rezerwowej.<\/p>\n<p><strong>VI. PRAWA AUTORSKIE<\/strong><\/p>\n<p>1. Wyniki projektu maj\u0105ce cechy utworu b\u0119d\u0105 udost\u0119pniane na licencji Creative Commons Uznanie autorstwa-U\u017cycie Niekomercyjne 3.0 Polska. Pe\u0142ne postanowienia licencji s\u0105 dost\u0119pne pod adresem <a href=\"http:\/\/creativecommons.org\/licenses\/by-nc\/3.0\/pl\/\">creativecommons.org\/licenses\/by-nc\/3.0\/pl<\/a>.<\/p>\n<p>2. Udost\u0119pnienie utworu na licencji Creative Commons Uznanie autorstwa 3.0 Polska polega na oznaczeniu danej tre\u015bci odpowiedni\u0105 informacja licencyjn\u0105. Taka informacja powinna w czytelny spos\u00f3b okre\u015bla\u0107 tytu\u0142 utworu, w\u0142a\u015bciciela praw autorskich do niego oraz licencj\u0119, na podstawie kt\u00f3rej utw\u00f3r jest dost\u0119pny.<\/p>\n<p>3. Uczestnik o\u015bwiadcza, \u017ce przys\u0142uguje mu do utworu wy\u0142\u0105czne i nieograniczone prawo autorskie (osobiste).<\/p>\n<p>4. Uczestnik zapewnia, i\u017c utw\u00f3r nie jest obci\u0105\u017cony \u017cadnymi roszczeniami i innymi prawami os\u00f3b trzecich.<\/p>\n<p><strong>VII. POSTANOWIENIA KO\u0143COWE<\/strong><\/p>\n<p>1. Organizator zastrzega sobie prawo do zmian w Regulaminie, o czym poinformuje na stronie Projektu oraz drog\u0105 mailow\u0105 Uczestnik\u00f3w Projektu.<\/p>\n<p>2. Organizator zastrzega sobie prawo do zmian w programie Warsztat\u00f3w, o czym poinformuje na stronie Projektu.<\/p>\n<p>3. Organizator nie bierze odpowiedzialno\u015bci za ewentualne kwestie sporne powsta\u0142e z winy os\u00f3b trzecich.<\/p>\n<p>4. Organizator nie ponosi odpowiedzialno\u015bci za wykorzystanie przez uczestnik\u00f3w Warsztat\u00f3w nieprawid\u0142owych, nieprawdziwych danych, b\u0105d\u017a naruszenie praw os\u00f3b trzecich.<\/p>\n<p>5. Organizator nie odpowiada za tre\u015b\u0107 Projekt\u00f3w zrealizowanych przez Uczestnik\u00f3w.<\/p>\n<p><a href=\"http:\/\/etnoprojekt.pl\/2.0\/wp-content\/uploads\/2014\/07\/Regulamin_Etno-projekt2014.pdf\">Regulamin_Etno-projekt2014<\/a><\/p>\n","protected":false},"excerpt":{"rendered":"<p>Regulamin rekrutacji do udzia\u0142u w warsztatach w ramach projektu \u201eETNO-PROJEKT 2.0. INSPIRACJE ETNICZNE I NOWE TECHNOLOGIE\u201d I. POSTANOWIENIA OG\u00d3LNE 1. Organizatorem projektu jest Stowarzyszenie \u201ePracownia Etnograficzna\u201d im. Witolda Dynowskiego w Warszawie (http:\/\/etnograficzna.pl), zwane dalej Organizatorem. 2. Projekt nosi nazw\u0119: \u201eEtno-projekt 2.0. Inspiracje etniczne i nowe technologie\u201d, zwany dalej Projektem. 3. G\u0142\u00f3wn\u0105 cz\u0119\u015bci\u0105 Projektu b\u0119d\u0105 warsztaty [&hellip;]<\/p>\n","protected":false},"author":1,"featured_media":0,"parent":0,"menu_order":0,"comment_status":"closed","ping_status":"open","template":"","meta":{"footnotes":""},"_links":{"self":[{"href":"https:\/\/etnoprojekt.pl\/2.0\/wp-json\/wp\/v2\/pages\/172"}],"collection":[{"href":"https:\/\/etnoprojekt.pl\/2.0\/wp-json\/wp\/v2\/pages"}],"about":[{"href":"https:\/\/etnoprojekt.pl\/2.0\/wp-json\/wp\/v2\/types\/page"}],"author":[{"embeddable":true,"href":"https:\/\/etnoprojekt.pl\/2.0\/wp-json\/wp\/v2\/users\/1"}],"replies":[{"embeddable":true,"href":"https:\/\/etnoprojekt.pl\/2.0\/wp-json\/wp\/v2\/comments?post=172"}],"version-history":[{"count":4,"href":"https:\/\/etnoprojekt.pl\/2.0\/wp-json\/wp\/v2\/pages\/172\/revisions"}],"predecessor-version":[{"id":251,"href":"https:\/\/etnoprojekt.pl\/2.0\/wp-json\/wp\/v2\/pages\/172\/revisions\/251"}],"wp:attachment":[{"href":"https:\/\/etnoprojekt.pl\/2.0\/wp-json\/wp\/v2\/media?parent=172"}],"curies":[{"name":"wp","href":"https:\/\/api.w.org\/{rel}","templated":true}]}}