{"id":20,"date":"2014-07-02T18:17:18","date_gmt":"2014-07-02T16:17:18","guid":{"rendered":"http:\/\/etnoprojekt.pl\/2.0\/?page_id=20"},"modified":"2014-08-07T23:01:32","modified_gmt":"2014-08-07T21:01:32","slug":"rekrutacja","status":"publish","type":"page","link":"https:\/\/etnoprojekt.pl\/2.0\/rekrutacja\/","title":{"rendered":"Rekrutacja"},"content":{"rendered":"<p>Zamkn\u0119li\u015bmy ju\u017c ankiet\u0119 zg\u0142oszeniow\u0105.<\/p>\n<p>Na stronie dost\u0119pny jest <a title=\"Regulamin\" href=\"http:\/\/etnoprojekt.pl\/2.0\/regulamin\/\">regulamin<\/a> oraz wz\u00f3r ankiety:\u00a0<a href=\"http:\/\/etnoprojekt.pl\/2.0\/wp-content\/uploads\/2014\/07\/Ankieta-Etno-projekt-2014.pdf\">Ankieta -Etno-projekt 2014<\/a>.<\/p>\n","protected":false},"excerpt":{"rendered":"<p>Zamkn\u0119li\u015bmy ju\u017c ankiet\u0119 zg\u0142oszeniow\u0105. Na stronie dost\u0119pny jest regulamin oraz wz\u00f3r ankiety:\u00a0Ankieta -Etno-projekt 2014.<\/p>\n","protected":false},"author":1,"featured_media":0,"parent":0,"menu_order":0,"comment_status":"closed","ping_status":"open","template":"","meta":{"footnotes":""},"_links":{"self":[{"href":"https:\/\/etnoprojekt.pl\/2.0\/wp-json\/wp\/v2\/pages\/20"}],"collection":[{"href":"https:\/\/etnoprojekt.pl\/2.0\/wp-json\/wp\/v2\/pages"}],"about":[{"href":"https:\/\/etnoprojekt.pl\/2.0\/wp-json\/wp\/v2\/types\/page"}],"author":[{"embeddable":true,"href":"https:\/\/etnoprojekt.pl\/2.0\/wp-json\/wp\/v2\/users\/1"}],"replies":[{"embeddable":true,"href":"https:\/\/etnoprojekt.pl\/2.0\/wp-json\/wp\/v2\/comments?post=20"}],"version-history":[{"count":8,"href":"https:\/\/etnoprojekt.pl\/2.0\/wp-json\/wp\/v2\/pages\/20\/revisions"}],"predecessor-version":[{"id":263,"href":"https:\/\/etnoprojekt.pl\/2.0\/wp-json\/wp\/v2\/pages\/20\/revisions\/263"}],"wp:attachment":[{"href":"https:\/\/etnoprojekt.pl\/2.0\/wp-json\/wp\/v2\/media?parent=20"}],"curies":[{"name":"wp","href":"https:\/\/api.w.org\/{rel}","templated":true}]}}