{"id":93,"date":"2014-07-06T15:16:25","date_gmt":"2014-07-06T13:16:25","guid":{"rendered":"http:\/\/etnoprojekt.pl\/2.0\/?page_id=93"},"modified":"2014-08-06T23:52:53","modified_gmt":"2014-08-06T21:52:53","slug":"etno-projekt-polsko-bialoruskie-inspiracje-etniczne-w-designie-mlodych","status":"publish","type":"page","link":"https:\/\/etnoprojekt.pl\/2.0\/etno-projekt-polsko-bialoruskie-inspiracje-etniczne-w-designie-mlodych\/","title":{"rendered":"Polsko-bia\u0142oruskie inspiracje etniczne w designie m\u0142odych"},"content":{"rendered":"<p>&nbsp;<br \/>\n<a href=\"http:\/\/etnoprojekt.pl\/\"><br \/>\n<img loading=\"lazy\" decoding=\"async\" class=\"aligncenter wp-image-96\" src=\"http:\/\/etnoprojekt.pl\/2.0\/wp-content\/uploads\/2014\/07\/etno-projekt_III_edycja_logo_pl.jpg\" alt=\"etno-projekt_III_edycja_logo_pl\" width=\"700\" height=\"700\" \/><\/a><\/p>\n<p>&nbsp;<\/p>\n<p>Tegoroczna edycja Etno-projektu oparta jest na do\u015bwiadczeniach z trzech ostatnich lat, podczas kt\u00f3rych organizowali\u015bmy polsko-bia\u0142oruskie warsztaty w terenie dla projektant\u00f3w z r\u00f3\u017cnych dziedzin. Je\u015bli chcesz przeczyta\u0107 wi\u0119cej o uczestnikach, zobaczy\u0107 zdj\u0119cia z podr\u00f3\u017cy i efekty wsp\u00f3lnej pracy &#8211; <a href=\"http:\/\/etnoprojekt.pl\/\">zajrzyj na stron\u0119<\/a>.<\/p>\n<p>&nbsp;<\/p>\n","protected":false},"excerpt":{"rendered":"<p>Tegoroczna edycja Etno-projektu oparta jest na do\u015bwiadczeniach z trzech ostatnich lat.<\/p>\n","protected":false},"author":1,"featured_media":96,"parent":0,"menu_order":0,"comment_status":"closed","ping_status":"open","template":"","meta":{"footnotes":""},"_links":{"self":[{"href":"https:\/\/etnoprojekt.pl\/2.0\/wp-json\/wp\/v2\/pages\/93"}],"collection":[{"href":"https:\/\/etnoprojekt.pl\/2.0\/wp-json\/wp\/v2\/pages"}],"about":[{"href":"https:\/\/etnoprojekt.pl\/2.0\/wp-json\/wp\/v2\/types\/page"}],"author":[{"embeddable":true,"href":"https:\/\/etnoprojekt.pl\/2.0\/wp-json\/wp\/v2\/users\/1"}],"replies":[{"embeddable":true,"href":"https:\/\/etnoprojekt.pl\/2.0\/wp-json\/wp\/v2\/comments?post=93"}],"version-history":[{"count":16,"href":"https:\/\/etnoprojekt.pl\/2.0\/wp-json\/wp\/v2\/pages\/93\/revisions"}],"predecessor-version":[{"id":258,"href":"https:\/\/etnoprojekt.pl\/2.0\/wp-json\/wp\/v2\/pages\/93\/revisions\/258"}],"wp:featuredmedia":[{"embeddable":true,"href":"https:\/\/etnoprojekt.pl\/2.0\/wp-json\/wp\/v2\/media\/96"}],"wp:attachment":[{"href":"https:\/\/etnoprojekt.pl\/2.0\/wp-json\/wp\/v2\/media?parent=93"}],"curies":[{"name":"wp","href":"https:\/\/api.w.org\/{rel}","templated":true}]}}